{"id":5980,"date":"2019-07-14T21:09:59","date_gmt":"2019-07-15T04:09:59","guid":{"rendered":"https:\/\/thermoking.sonsrayfleetservices.com\/acerca-de\/"},"modified":"2024-09-27T09:54:09","modified_gmt":"2024-09-27T16:54:09","slug":"acerca-de","status":"publish","type":"page","link":"https:\/\/www.sonsrayfleetservices.com\/es\/acerca-de\/","title":{"rendered":"Acerca de"},"content":{"rendered":"[vc_row type=\u00bbfull_width_background\u00bb full_screen_row_position=\u00bbmiddle\u00bb column_margin=\u00bbdefault\u00bb bg_color=\u00bb#333333&#8243; scene_position=\u00bbcenter\u00bb text_color=\u00bblight\u00bb text_align=\u00bbleft\u00bb top_padding=\u00bb10%\u00bb bottom_padding=\u00bb10%\u00bb overlay_strength=\u00bb1&#8243; shape_divider_position=\u00bbbottom\u00bb bg_image_animation=\u00bbnone\u00bb shape_type=\u00bb\u00bb][vc_column column_padding=\u00bbno-extra-padding\u00bb column_padding_position=\u00bball\u00bb background_color_opacity=\u00bb1&#8243; background_hover_color_opacity=\u00bb1&#8243; column_link_target=\u00bb_self\u00bb column_shadow=\u00bbnone\u00bb column_border_radius=\u00bbnone\u00bb width=\u00bb1\/1&#8243; tablet_width_inherit=\u00bbdefault\u00bb tablet_text_alignment=\u00bbdefault\u00bb phone_text_alignment=\u00bbdefault\u00bb overlay_strength=\u00bb0.3&#8243; column_border_width=\u00bbnone\u00bb column_border_style=\u00bbsolid\u00bb bg_image_animation=\u00bbnone\u00bb][vc_row_inner column_margin=\u00bbdefault\u00bb text_align=\u00bbleft\u00bb][vc_column_inner column_padding=\u00bbno-extra-padding\u00bb column_padding_position=\u00bball\u00bb background_color_opacity=\u00bb1&#8243; background_hover_color_opacity=\u00bb1&#8243; column_shadow=\u00bbnone\u00bb column_border_radius=\u00bbnone\u00bb column_link_target=\u00bb_self\u00bb width=\u00bb1\/1&#8243; tablet_width_inherit=\u00bbdefault\u00bb overlay_strength=\u00bb0.3&#8243; column_border_width=\u00bbnone\u00bb column_border_style=\u00bbsolid\u00bb bg_image_animation=\u00bbnone\u00bb][split_line_heading animation_type=\u00bbdefault\u00bb]\n<h1>Qui\u00e9nes somos<\/h1>\n<p>&nbsp;<\/p>\n<h2>Somos el mayor fabricante de Thermo King<\/h2>\n<h2>ventas autorizadas, servicio, piezas y garant\u00eda<\/h2>\n<h2>concesionario en Norteam\u00e9rica.<\/h2>\n[\/split_line_heading][\/vc_column_inner][\/vc_row_inner][vc_row_inner column_margin=\u00bbdefault\u00bb text_align=\u00bbleft\u00bb][vc_column_inner column_padding=\u00bbno-extra-padding\u00bb column_padding_position=\u00bbtop-bottom\u00bb background_color_opacity=\u00bb1&#8243; background_hover_color_opacity=\u00bb1&#8243; column_shadow=\u00bbnone\u00bb column_border_radius=\u00bbnone\u00bb column_link_target=\u00bb_self\u00bb width=\u00bb1\/2&#8243; tablet_width_inherit=\u00bbdefault\u00bb overlay_strength=\u00bb0.3&#8243; column_border_width=\u00bbnone\u00bb column_border_style=\u00bbsolid\u00bb bg_image_animation=\u00bbnone\u00bb enable_animation=\u00bbtrue\u00bb animation=\u00bbfade-in-from-bottom\u00bb][vc_column_text]Thermo King es el l\u00edder mundial en sistemas de control de temperatura de transporte para camiones, remolques, autobuses y vagones de ferrocarril. Thermo King tambi\u00e9n fabrica unidades de potencia auxiliares, que reducen dr\u00e1sticamente el ralent\u00ed del motor. Como parte de la incomparable red nacional de distribuidores de Thermo King, ofrecemos un servicio experto formado en f\u00e1brica cuando y donde lo necesite, as\u00ed como una l\u00ednea completa de piezas originales y competitivas. Conf\u00ede en nosotros para volver a la carretera r\u00e1pidamente y mantenerse en funcionamiento.<\/p>\n<p>Con 9 concesionarios en California y Nevada, tenemos un equipo de expertos en refrigeraci\u00f3n de transporte listos para responder a sus preguntas y satisfacer sus necesidades, ya sea para comprar una nueva unidad o para piezas y servicio.<\/p>\n<p><strong>Un poco de historia&#8230;<\/strong>[\/vc_column_text][\/vc_column_inner][vc_column_inner column_padding=\u00bbno-extra-padding\u00bb column_padding_position=\u00bbtop-bottom\u00bb background_color_opacity=\u00bb1&#8243; background_hover_color_opacity=\u00bb1&#8243; column_shadow=\u00bbnone\u00bb column_border_radius=\u00bbnone\u00bb column_link_target=\u00bb_self\u00bb width=\u00bb1\/2&#8243; tablet_width_inherit=\u00bbdefault\u00bb overlay_strength=\u00bb0.3&#8243; column_border_width=\u00bbnone\u00bb column_border_style=\u00bbsolid\u00bb bg_image_animation=\u00bbnone\u00bb enable_animation=\u00bbtrue\u00bb animation=\u00bbfade-in-from-bottom\u00bb delay=\u00bb100&#8243;][vc_column_text]En la d\u00e9cada de 1940, Frederick McKinley Jones, inventor y empresario afroamericano, patent\u00f3 la primera unidad de refrigeraci\u00f3n por aire para camiones que transportaban alimentos perecederos. Este invento hist\u00f3rico marc\u00f3 el comienzo de la era de los alimentos congelados, los grandes supermercados y la industria de la restauraci\u00f3n tal y como la conocemos hoy. Llam\u00f3 a su empresa U.S. Thermo Control Company (m\u00e1s tarde Thermo King Corp). En 1997, Trane Technologies adquiri\u00f3 Thermo King para ampliar su nombre como l\u00edder en tecnolog\u00edas de climatizaci\u00f3n.<\/p>\n<p>Hoy en d\u00eda, las unidades Thermo King se instalan en algo m\u00e1s que semirremolques y hacen algo m\u00e1s que entregas de alimentos. Las instalaciones incluyen contenedores de carga, peque\u00f1os veh\u00edculos aislados para peque\u00f1as empresas como empresas de catering y florister\u00edas, y camiones caja de tama\u00f1o medio. Tambi\u00e9n tienen sistemas de climatizaci\u00f3n para autobuses de transporte p\u00fablico y trenes de ferrocarril, e incluso para la cabina dormitorio de un cami\u00f3n tractor.[\/vc_column_text][\/vc_column_inner][\/vc_row_inner][\/vc_column][\/vc_row]\n","protected":false},"excerpt":{"rendered":"<p>[vc_row type=\u00bbfull_width_background\u00bb full_screen_row_position=\u00bbmiddle\u00bb column_margin=\u00bbdefault\u00bb bg_color=\u00bb#333333&#8243; scene_position=\u00bbcenter\u00bb text_color=\u00bblight\u00bb text_align=\u00bbleft\u00bb top_padding=\u00bb10%\u00bb bottom_padding=\u00bb10%\u00bb overlay_strength=\u00bb1&#8243; shape_divider_position=\u00bbbottom\u00bb bg_image_animation=\u00bbnone\u00bb shape_type=\u00bb\u00bb][vc_column column_padding=\u00bbno-extra-padding\u00bb column_padding_position=\u00bball\u00bb background_color_opacity=\u00bb1&#8243; background_hover_color_opacity=\u00bb1&#8243; column_link_target=\u00bb_self\u00bb column_shadow=\u00bbnone\u00bb column_border_radius=\u00bbnone\u00bb width=\u00bb1\/1&#8243; tablet_width_inherit=\u00bbdefault\u00bb tablet_text_alignment=\u00bbdefault\u00bb phone_text_alignment=\u00bbdefault\u00bb overlay_strength=\u00bb0.3&#8243; column_border_width=\u00bbnone\u00bb column_border_style=\u00bbsolid\u00bb bg_image_animation=\u00bbnone\u00bb][vc_row_inner column_margin=\u00bbdefault\u00bb&#8230;<\/p>\n","protected":false},"author":8,"featured_media":0,"parent":0,"menu_order":0,"comment_status":"closed","ping_status":"closed","template":"","meta":{"footnotes":""},"class_list":["post-5980","page","type-page","status-publish"],"yoast_head":"<!-- This site is optimized with the Yoast SEO plugin v27.4 - https:\/\/yoast.com\/product\/yoast-seo-wordpress\/ -->\n<title>Acerca de - Sonsray Fleet Services<\/title>\n<meta name=\"robots\" content=\"index, follow, max-snippet:-1, max-image-preview:large, max-video-preview:-1\" \/>\n<link rel=\"canonical\" href=\"https:\/\/www.sonsrayfleetservices.com\/es\/acerca-de\/\" \/>\n<meta property=\"og:locale\" content=\"es_ES\" \/>\n<meta property=\"og:type\" content=\"article\" \/>\n<meta property=\"og:title\" content=\"Acerca de - Sonsray Fleet Services\" \/>\n<meta property=\"og:description\" content=\"[vc_row type=\u00bbfull_width_background\u00bb full_screen_row_position=\u00bbmiddle\u00bb column_margin=\u00bbdefault\u00bb bg_color=\u00bb#333333&#8243; scene_position=\u00bbcenter\u00bb text_color=\u00bblight\u00bb text_align=\u00bbleft\u00bb top_padding=\u00bb10%\u00bb bottom_padding=\u00bb10%\u00bb overlay_strength=\u00bb1&#8243; shape_divider_position=\u00bbbottom\u00bb bg_image_animation=\u00bbnone\u00bb shape_type=\u00bb\u00bb][vc_column column_padding=\u00bbno-extra-padding\u00bb column_padding_position=\u00bball\u00bb background_color_opacity=\u00bb1&#8243; background_hover_color_opacity=\u00bb1&#8243; column_link_target=\u00bb_self\u00bb column_shadow=\u00bbnone\u00bb column_border_radius=\u00bbnone\u00bb width=\u00bb1\/1&#8243; tablet_width_inherit=\u00bbdefault\u00bb tablet_text_alignment=\u00bbdefault\u00bb phone_text_alignment=\u00bbdefault\u00bb overlay_strength=\u00bb0.3&#8243; column_border_width=\u00bbnone\u00bb column_border_style=\u00bbsolid\u00bb bg_image_animation=\u00bbnone\u00bb][vc_row_inner column_margin=\u00bbdefault\u00bb...\" \/>\n<meta property=\"og:url\" content=\"https:\/\/www.sonsrayfleetservices.com\/es\/acerca-de\/\" \/>\n<meta property=\"og:site_name\" content=\"Sonsray Fleet Services\" \/>\n<meta property=\"article:modified_time\" content=\"2024-09-27T16:54:09+00:00\" \/>\n<meta name=\"twitter:card\" content=\"summary_large_image\" \/>\n<meta name=\"twitter:label1\" content=\"Tiempo de lectura\" \/>\n\t<meta name=\"twitter:data1\" content=\"3 minutos\" \/>\n<script type=\"application\/ld+json\" class=\"yoast-schema-graph\">{\"@context\":\"https:\\\/\\\/schema.org\",\"@graph\":[{\"@type\":\"WebPage\",\"@id\":\"https:\\\/\\\/www.sonsrayfleetservices.com\\\/es\\\/acerca-de\\\/\",\"url\":\"https:\\\/\\\/www.sonsrayfleetservices.com\\\/es\\\/acerca-de\\\/\",\"name\":\"Acerca de - Sonsray Fleet Services\",\"isPartOf\":{\"@id\":\"https:\\\/\\\/www.sonsrayfleetservices.com\\\/es\\\/#website\"},\"datePublished\":\"2019-07-15T04:09:59+00:00\",\"dateModified\":\"2024-09-27T16:54:09+00:00\",\"breadcrumb\":{\"@id\":\"https:\\\/\\\/www.sonsrayfleetservices.com\\\/es\\\/acerca-de\\\/#breadcrumb\"},\"inLanguage\":\"es\",\"potentialAction\":[{\"@type\":\"ReadAction\",\"target\":[\"https:\\\/\\\/www.sonsrayfleetservices.com\\\/es\\\/acerca-de\\\/\"]}]},{\"@type\":\"BreadcrumbList\",\"@id\":\"https:\\\/\\\/www.sonsrayfleetservices.com\\\/es\\\/acerca-de\\\/#breadcrumb\",\"itemListElement\":[{\"@type\":\"ListItem\",\"position\":1,\"name\":\"Home\",\"item\":\"https:\\\/\\\/www.sonsrayfleetservices.com\\\/es\\\/\"},{\"@type\":\"ListItem\",\"position\":2,\"name\":\"Acerca de\"}]},{\"@type\":\"WebSite\",\"@id\":\"https:\\\/\\\/www.sonsrayfleetservices.com\\\/es\\\/#website\",\"url\":\"https:\\\/\\\/www.sonsrayfleetservices.com\\\/es\\\/\",\"name\":\"Sonsray Fleet Services\",\"description\":\"\",\"potentialAction\":[{\"@type\":\"SearchAction\",\"target\":{\"@type\":\"EntryPoint\",\"urlTemplate\":\"https:\\\/\\\/www.sonsrayfleetservices.com\\\/es\\\/?s={search_term_string}\"},\"query-input\":{\"@type\":\"PropertyValueSpecification\",\"valueRequired\":true,\"valueName\":\"search_term_string\"}}],\"inLanguage\":\"es\"}]}<\/script>\n<!-- \/ Yoast SEO plugin. -->","yoast_head_json":{"title":"Acerca de - Sonsray Fleet Services","robots":{"index":"index","follow":"follow","max-snippet":"max-snippet:-1","max-image-preview":"max-image-preview:large","max-video-preview":"max-video-preview:-1"},"canonical":"https:\/\/www.sonsrayfleetservices.com\/es\/acerca-de\/","og_locale":"es_ES","og_type":"article","og_title":"Acerca de - Sonsray Fleet Services","og_description":"[vc_row type=\u00bbfull_width_background\u00bb full_screen_row_position=\u00bbmiddle\u00bb column_margin=\u00bbdefault\u00bb bg_color=\u00bb#333333&#8243; scene_position=\u00bbcenter\u00bb text_color=\u00bblight\u00bb text_align=\u00bbleft\u00bb top_padding=\u00bb10%\u00bb bottom_padding=\u00bb10%\u00bb overlay_strength=\u00bb1&#8243; shape_divider_position=\u00bbbottom\u00bb bg_image_animation=\u00bbnone\u00bb shape_type=\u00bb\u00bb][vc_column column_padding=\u00bbno-extra-padding\u00bb column_padding_position=\u00bball\u00bb background_color_opacity=\u00bb1&#8243; background_hover_color_opacity=\u00bb1&#8243; column_link_target=\u00bb_self\u00bb column_shadow=\u00bbnone\u00bb column_border_radius=\u00bbnone\u00bb width=\u00bb1\/1&#8243; tablet_width_inherit=\u00bbdefault\u00bb tablet_text_alignment=\u00bbdefault\u00bb phone_text_alignment=\u00bbdefault\u00bb overlay_strength=\u00bb0.3&#8243; column_border_width=\u00bbnone\u00bb column_border_style=\u00bbsolid\u00bb bg_image_animation=\u00bbnone\u00bb][vc_row_inner column_margin=\u00bbdefault\u00bb...","og_url":"https:\/\/www.sonsrayfleetservices.com\/es\/acerca-de\/","og_site_name":"Sonsray Fleet Services","article_modified_time":"2024-09-27T16:54:09+00:00","twitter_card":"summary_large_image","twitter_misc":{"Tiempo de lectura":"3 minutos"},"schema":{"@context":"https:\/\/schema.org","@graph":[{"@type":"WebPage","@id":"https:\/\/www.sonsrayfleetservices.com\/es\/acerca-de\/","url":"https:\/\/www.sonsrayfleetservices.com\/es\/acerca-de\/","name":"Acerca de - Sonsray Fleet Services","isPartOf":{"@id":"https:\/\/www.sonsrayfleetservices.com\/es\/#website"},"datePublished":"2019-07-15T04:09:59+00:00","dateModified":"2024-09-27T16:54:09+00:00","breadcrumb":{"@id":"https:\/\/www.sonsrayfleetservices.com\/es\/acerca-de\/#breadcrumb"},"inLanguage":"es","potentialAction":[{"@type":"ReadAction","target":["https:\/\/www.sonsrayfleetservices.com\/es\/acerca-de\/"]}]},{"@type":"BreadcrumbList","@id":"https:\/\/www.sonsrayfleetservices.com\/es\/acerca-de\/#breadcrumb","itemListElement":[{"@type":"ListItem","position":1,"name":"Home","item":"https:\/\/www.sonsrayfleetservices.com\/es\/"},{"@type":"ListItem","position":2,"name":"Acerca de"}]},{"@type":"WebSite","@id":"https:\/\/www.sonsrayfleetservices.com\/es\/#website","url":"https:\/\/www.sonsrayfleetservices.com\/es\/","name":"Sonsray Fleet Services","description":"","potentialAction":[{"@type":"SearchAction","target":{"@type":"EntryPoint","urlTemplate":"https:\/\/www.sonsrayfleetservices.com\/es\/?s={search_term_string}"},"query-input":{"@type":"PropertyValueSpecification","valueRequired":true,"valueName":"search_term_string"}}],"inLanguage":"es"}]}},"_links":{"self":[{"href":"https:\/\/www.sonsrayfleetservices.com\/es\/wp-json\/wp\/v2\/pages\/5980","targetHints":{"allow":["GET"]}}],"collection":[{"href":"https:\/\/www.sonsrayfleetservices.com\/es\/wp-json\/wp\/v2\/pages"}],"about":[{"href":"https:\/\/www.sonsrayfleetservices.com\/es\/wp-json\/wp\/v2\/types\/page"}],"author":[{"embeddable":true,"href":"https:\/\/www.sonsrayfleetservices.com\/es\/wp-json\/wp\/v2\/users\/8"}],"replies":[{"embeddable":true,"href":"https:\/\/www.sonsrayfleetservices.com\/es\/wp-json\/wp\/v2\/comments?post=5980"}],"version-history":[{"count":1,"href":"https:\/\/www.sonsrayfleetservices.com\/es\/wp-json\/wp\/v2\/pages\/5980\/revisions"}],"predecessor-version":[{"id":7785,"href":"https:\/\/www.sonsrayfleetservices.com\/es\/wp-json\/wp\/v2\/pages\/5980\/revisions\/7785"}],"wp:attachment":[{"href":"https:\/\/www.sonsrayfleetservices.com\/es\/wp-json\/wp\/v2\/media?parent=5980"}],"curies":[{"name":"wp","href":"https:\/\/api.w.org\/{rel}","templated":true}]}}